{"id":389,"date":"2025-09-02T17:57:44","date_gmt":"2025-09-02T15:57:44","guid":{"rendered":"https:\/\/www.dominot.pl\/?page_id=389"},"modified":"2025-09-03T09:48:25","modified_gmt":"2025-09-03T07:48:25","slug":"wydzial-mechaniczny-uniwersytetu-radomskiego","status":"publish","type":"page","link":"https:\/\/www.dominot.pl\/index.php\/wydzial-mechaniczny-uniwersytetu-radomskiego\/","title":{"rendered":"Wydzia\u0142 Mechaniczny Uniwersytetu Radomskiego"},"content":{"rendered":"\n<p><strong>Wydzia\u0142 Mechaniczny Uniwersytetu Radomskiego<\/strong><\/p>\n\n\n\n<p>Lubisz budowa\u0107, testowa\u0107 i wymy\u015bla\u0107 nowe rozwi\u0105zania? Na <a href=\"https:\/\/wm.uniwersytetradom.pl\/\">Wydziale Mechanicznym<\/a> zamieniamy te pasje w realne umiej\u0119tno\u015bci.<\/p>\n\n\n\n<p>Uczymy m.in. projektowania i budowy maszyn, robotyki, mechatroniki, druku 3D, in\u017cynierii materia\u0142owej, in\u017cynierii produkcji oraz wykorzystania sztucznej inteligencji w przemy\u015ble. Oferujemy studia I i II stopnia.<\/p>\n\n\n\n<p>Dysponujemy nowoczesnymi pracowniami, w tym m.in.:<\/p>\n\n\n\n<ul class=\"wp-block-list\">\n<li class=\"has-heading-color has-text-color has-link-color wp-elements-b5c3ca84f17158ee0e50d310b4186e10\">AI Lab \u2013 sztuczna inteligencja i systemy wizyjne,<\/li>\n\n\n\n<li class=\"has-heading-color has-text-color has-link-color wp-elements-6d7de28d914094c45ea1a898375091c3\">Laboratoria robotyki \u2013 roboty przemys\u0142owe i coboty,<\/li>\n\n\n\n<li class=\"has-heading-color has-text-color has-link-color wp-elements-8af614ad89252f6bda19562c9666e99c\">Pracownia CNC,<\/li>\n\n\n\n<li class=\"has-heading-color has-text-color has-link-color wp-elements-141434c2be1c6622fd72edda68119ccd\">Laboratoria druku 3D i materia\u0142oznawstwa,<\/li>\n\n\n\n<li class=\"has-heading-color has-text-color has-link-color wp-elements-09308fd4aa6207691919338e41398a62\">Centrum Technologii Cyfrowych \u2013 po\u0142\u0105czenie mechaniki z informatyk\u0105.<\/li>\n<\/ul>\n\n\n\n<p>Nasi studenci realizuj\u0105 w\u0142asne projekty, wsp\u00f3\u0142pracuj\u0105 z firmami i zdobywaj\u0105 do\u015bwiadczenie w ciekawych badaniach.<\/p>\n\n\n\n<p>DomiNOT mo\u017ce by\u0107 Twoim pierwszym krokiem do kariery in\u017cyniera. Zacznij od jednej maszyny \u2013 sko\u0144cz jako tw\u00f3rca technologii.<\/p>\n\n\n\n<figure class=\"wp-block-video\"><video height=\"720\" style=\"aspect-ratio: 1280 \/ 720;\" width=\"1280\" controls src=\"https:\/\/www.dominot.pl\/wp-content\/uploads\/2025\/09\/IMG_8564-1.mp4\"><\/video><\/figure>\n\n\n\n<figure class=\"wp-block-gallery has-nested-images columns-default is-cropped wp-block-gallery-1 is-layout-flex wp-block-gallery-is-layout-flex\">\n<figure class=\"wp-block-image size-large\"><img loading=\"lazy\" decoding=\"async\" width=\"1024\" height=\"768\" data-id=\"405\" src=\"https:\/\/www.dominot.pl\/wp-content\/uploads\/2025\/09\/IMG_8556-1024x768.jpeg\" alt=\"\" class=\"wp-image-405\" srcset=\"https:\/\/www.dominot.pl\/wp-content\/uploads\/2025\/09\/IMG_8556-1024x768.jpeg 1024w, https:\/\/www.dominot.pl\/wp-content\/uploads\/2025\/09\/IMG_8556-300x225.jpeg 300w, https:\/\/www.dominot.pl\/wp-content\/uploads\/2025\/09\/IMG_8556-768x576.jpeg 768w, https:\/\/www.dominot.pl\/wp-content\/uploads\/2025\/09\/IMG_8556-1536x1152.jpeg 1536w, https:\/\/www.dominot.pl\/wp-content\/uploads\/2025\/09\/IMG_8556.jpeg 2048w\" sizes=\"auto, (max-width: 1024px) 100vw, 1024px\" \/><\/figure>\n\n\n\n<figure class=\"wp-block-image size-large\"><img loading=\"lazy\" decoding=\"async\" width=\"1024\" height=\"576\" data-id=\"406\" src=\"https:\/\/www.dominot.pl\/wp-content\/uploads\/2025\/09\/IMG_8559-1024x576.jpg\" alt=\"\" class=\"wp-image-406\" srcset=\"https:\/\/www.dominot.pl\/wp-content\/uploads\/2025\/09\/IMG_8559-1024x576.jpg 1024w, https:\/\/www.dominot.pl\/wp-content\/uploads\/2025\/09\/IMG_8559-300x169.jpg 300w, https:\/\/www.dominot.pl\/wp-content\/uploads\/2025\/09\/IMG_8559-768x432.jpg 768w, https:\/\/www.dominot.pl\/wp-content\/uploads\/2025\/09\/IMG_8559-1536x864.jpg 1536w, https:\/\/www.dominot.pl\/wp-content\/uploads\/2025\/09\/IMG_8559-2048x1152.jpg 2048w\" sizes=\"auto, (max-width: 1024px) 100vw, 1024px\" \/><\/figure>\n\n\n\n<figure class=\"wp-block-image size-large\"><img loading=\"lazy\" decoding=\"async\" width=\"1024\" height=\"576\" data-id=\"407\" src=\"https:\/\/www.dominot.pl\/wp-content\/uploads\/2025\/09\/IMG_8561-1024x576.jpg\" alt=\"\" class=\"wp-image-407\" srcset=\"https:\/\/www.dominot.pl\/wp-content\/uploads\/2025\/09\/IMG_8561-1024x576.jpg 1024w, https:\/\/www.dominot.pl\/wp-content\/uploads\/2025\/09\/IMG_8561-300x169.jpg 300w, https:\/\/www.dominot.pl\/wp-content\/uploads\/2025\/09\/IMG_8561-768x432.jpg 768w, https:\/\/www.dominot.pl\/wp-content\/uploads\/2025\/09\/IMG_8561-1536x864.jpg 1536w, https:\/\/www.dominot.pl\/wp-content\/uploads\/2025\/09\/IMG_8561-2048x1152.jpg 2048w\" sizes=\"auto, (max-width: 1024px) 100vw, 1024px\" \/><\/figure>\n\n\n\n<figure class=\"wp-block-image size-large\"><img loading=\"lazy\" decoding=\"async\" width=\"1024\" height=\"768\" data-id=\"408\" src=\"https:\/\/www.dominot.pl\/wp-content\/uploads\/2025\/09\/IMG_8620-1024x768.jpeg\" alt=\"\" class=\"wp-image-408\" srcset=\"https:\/\/www.dominot.pl\/wp-content\/uploads\/2025\/09\/IMG_8620-1024x768.jpeg 1024w, https:\/\/www.dominot.pl\/wp-content\/uploads\/2025\/09\/IMG_8620-300x225.jpeg 300w, https:\/\/www.dominot.pl\/wp-content\/uploads\/2025\/09\/IMG_8620-768x576.jpeg 768w, https:\/\/www.dominot.pl\/wp-content\/uploads\/2025\/09\/IMG_8620-1536x1152.jpeg 1536w, https:\/\/www.dominot.pl\/wp-content\/uploads\/2025\/09\/IMG_8620.jpeg 2048w\" sizes=\"auto, (max-width: 1024px) 100vw, 1024px\" \/><\/figure>\n\n\n\n<figure class=\"wp-block-image size-large\"><img loading=\"lazy\" decoding=\"async\" width=\"768\" height=\"1024\" data-id=\"409\" src=\"https:\/\/www.dominot.pl\/wp-content\/uploads\/2025\/09\/IMG_8628-768x1024.jpeg\" alt=\"\" class=\"wp-image-409\" srcset=\"https:\/\/www.dominot.pl\/wp-content\/uploads\/2025\/09\/IMG_8628-768x1024.jpeg 768w, https:\/\/www.dominot.pl\/wp-content\/uploads\/2025\/09\/IMG_8628-225x300.jpeg 225w, https:\/\/www.dominot.pl\/wp-content\/uploads\/2025\/09\/IMG_8628-1152x1536.jpeg 1152w, https:\/\/www.dominot.pl\/wp-content\/uploads\/2025\/09\/IMG_8628.jpeg 1536w\" sizes=\"auto, (max-width: 768px) 100vw, 768px\" \/><\/figure>\n<\/figure>\n","protected":false},"excerpt":{"rendered":"<p>Wydzia\u0142 Mechaniczny Uniwersytetu Radomskiego Lubisz budowa\u0107, testowa\u0107 i wymy\u015bla\u0107 nowe rozwi\u0105zania? Na Wydziale Mechanicznym zamieniamy te pasje w realne umiej\u0119tno\u015bci. Uczymy m.in. projektowania i budowy maszyn, robotyki, mechatroniki, druku 3D, in\u017cynierii materia\u0142owej, in\u017cynierii produkcji oraz wykorzystania sztucznej inteligencji w przemy\u015ble. Oferujemy studia I i II stopnia. Dysponujemy nowoczesnymi pracowniami, w tym m.in.: Nasi studenci realizuj\u0105&hellip; <a class=\"continue\" href=\"https:\/\/www.dominot.pl\/index.php\/wydzial-mechaniczny-uniwersytetu-radomskiego\/\">Continue Reading<span> Wydzia\u0142 Mechaniczny Uniwersytetu Radomskiego<\/span><\/a><\/p>\n","protected":false},"author":1,"featured_media":0,"parent":0,"menu_order":0,"comment_status":"closed","ping_status":"closed","template":"","meta":{"footnotes":""},"class_list":["post-389","page","type-page","status-publish","hentry"],"_links":{"self":[{"href":"https:\/\/www.dominot.pl\/index.php\/wp-json\/wp\/v2\/pages\/389","targetHints":{"allow":["GET"]}}],"collection":[{"href":"https:\/\/www.dominot.pl\/index.php\/wp-json\/wp\/v2\/pages"}],"about":[{"href":"https:\/\/www.dominot.pl\/index.php\/wp-json\/wp\/v2\/types\/page"}],"author":[{"embeddable":true,"href":"https:\/\/www.dominot.pl\/index.php\/wp-json\/wp\/v2\/users\/1"}],"replies":[{"embeddable":true,"href":"https:\/\/www.dominot.pl\/index.php\/wp-json\/wp\/v2\/comments?post=389"}],"version-history":[{"count":5,"href":"https:\/\/www.dominot.pl\/index.php\/wp-json\/wp\/v2\/pages\/389\/revisions"}],"predecessor-version":[{"id":411,"href":"https:\/\/www.dominot.pl\/index.php\/wp-json\/wp\/v2\/pages\/389\/revisions\/411"}],"wp:attachment":[{"href":"https:\/\/www.dominot.pl\/index.php\/wp-json\/wp\/v2\/media?parent=389"}],"curies":[{"name":"wp","href":"https:\/\/api.w.org\/{rel}","templated":true}]}}